{"id":1918,"date":"2022-04-27T08:50:33","date_gmt":"2022-04-27T07:50:33","guid":{"rendered":"https:\/\/cica.ch\/mentions-legales\/"},"modified":"2026-04-29T15:08:35","modified_gmt":"2026-04-29T14:08:35","slug":"mentions-legales","status":"publish","type":"page","link":"https:\/\/cica.ch\/fr\/mentions-legales\/","title":{"rendered":"Mentions l\u00e9gales"},"content":{"rendered":"\n<div class=\"wp-block-getwid-section alignfull alignfull\"><div class=\"wp-block-getwid-section__wrapper\" style=\"min-height:50vh\"><div class=\"wp-block-getwid-section__divider is-top-divider\"><svg style=\"height:70px\" x=\"0px\" y=\"0px\" viewBox=\"0 0 300 20\" preserveAspectRatio=\"none\" class=\"wp-block-getwid-section__divider-svg\"><polygon fill=\"#3c2e51\" class=\"wp-block-getwid-section__divider-svg-fill\" points=\"300,1 150,3 0,1 0,0 300,0 \"><\/polygon><polygon fill=\"#3c2e51\" class=\"wp-block-getwid-section__divider-svg-fill\" opacity=\"0.3\" points=\"300,6 150,3 0,6 0,0 300,0 \"><\/polygon><polygon fill=\"#3c2e51\" class=\"wp-block-getwid-section__divider-svg-fill\" opacity=\"0.3\" points=\"300,16 150,3 0,16 0,0 300,0 \"><\/polygon><polygon fill=\"#3c2e51\" class=\"wp-block-getwid-section__divider-svg-fill\" opacity=\"0.3\" points=\"300,11 150,3 0,11 0,0 300,0 \"><\/polygon><\/svg><\/div><div class=\"wp-block-getwid-section__divider is-bottom-divider\"><svg style=\"height:70px\" x=\"0px\" y=\"0px\" viewBox=\"0 0 300 20\" preserveAspectRatio=\"none\" class=\"wp-block-getwid-section__divider-svg\"><polygon fill=\"#009f80\" class=\"wp-block-getwid-section__divider-svg-fill\" points=\"300,1 150,3 0,1 0,0 300,0 \"><\/polygon><polygon fill=\"#009f80\" class=\"wp-block-getwid-section__divider-svg-fill\" opacity=\"0.3\" points=\"300,6 150,3 0,6 0,0 300,0 \"><\/polygon><polygon fill=\"#009f80\" class=\"wp-block-getwid-section__divider-svg-fill\" opacity=\"0.3\" points=\"300,16 150,3 0,16 0,0 300,0 \"><\/polygon><polygon fill=\"#009f80\" class=\"wp-block-getwid-section__divider-svg-fill\" opacity=\"0.3\" points=\"300,11 150,3 0,11 0,0 300,0 \"><\/polygon><\/svg><\/div><div class=\"wp-block-getwid-section__inner-wrapper\"><div class=\"wp-block-getwid-section__background-holder\"><div class=\"wp-block-getwid-section__background\" style=\"background-image:url('https:\/\/cica.ch\/wp-content\/uploads\/2022\/04\/cica-gebaeude-02.jpg.jpg')\"><div class=\"wp-block-getwid-section__background-image-wrapper\"><img decoding=\"async\" class=\"wp-block-getwid-section__background-image\" src=\"https:\/\/cica.ch\/wp-content\/uploads\/2022\/04\/cica-gebaeude-02.jpg.jpg\" alt=\"\"\/><\/div><\/div><div class=\"wp-block-getwid-section__foreground\"><\/div><\/div><div class=\"wp-block-getwid-section__content\"><div class=\"wp-block-getwid-section__inner-content\"><\/div><\/div><\/div><\/div><\/div>\n\n\n\n<div aria-hidden=\"true\" class=\"wp-block-fsb-flexible-spacer fsb-flexible-spacer\"><div class=\"fsb-flexible-spacer__device fsb-flexible-spacer__device--lg\" style=\"height:50px\"><\/div><div class=\"fsb-flexible-spacer__device fsb-flexible-spacer__device--md\" style=\"height:30px\"><\/div><div class=\"fsb-flexible-spacer__device fsb-flexible-spacer__device--sm\" style=\"height:20px\"><\/div><\/div>\n\n\n\n<div class=\"wp-block-group alignfull is-layout-constrained wp-container-core-group-is-layout-2ead184c wp-block-group-is-layout-constrained\">\n<div class=\"wp-block-columns is-layout-flex wp-container-core-columns-is-layout-28f84493 wp-block-columns-is-layout-flex\">\n<div class=\"wp-block-column is-layout-flow wp-block-column-is-layout-flow\" style=\"flex-basis:40%\">\n<h2 class=\"wp-block-heading has-primary-color has-text-color\"><strong><strong>Mentions l\u00e9gales<\/strong><\/strong><\/h2>\n\n\n\n<div aria-hidden=\"true\" class=\"wp-block-fsb-flexible-spacer fsb-flexible-spacer\"><div class=\"fsb-flexible-spacer__device fsb-flexible-spacer__device--lg\" style=\"height:50px\"><\/div><div class=\"fsb-flexible-spacer__device fsb-flexible-spacer__device--md\" style=\"height:30px\"><\/div><div class=\"fsb-flexible-spacer__device fsb-flexible-spacer__device--sm\" style=\"height:20px\"><\/div><\/div>\n<\/div>\n\n\n\n<div class=\"wp-block-column is-layout-flow wp-block-column-is-layout-flow\" style=\"flex-basis:60%\">\n<h3 class=\"wp-block-heading has-custom-secondary-color has-text-color\"><strong>Adresse de contact<\/strong><\/h3>\n\n\n\n<p>CICA S.A.<br>Hochbergerstrasse 60a<br>4057 Basel<br>T\u00e9l. 061 638 85 00<\/p>\n\n\n\n<h3 class=\"wp-block-heading has-custom-secondary-color has-text-color\"><strong>Personne(s) habilit\u00e9e(s) \u00e0 repr\u00e9senter l&rsquo;association<\/strong><\/h3>\n\n\n\n<p>Britel, Hakim, de nationalit\u00e9 fran\u00e7aise, \u00e0 Bazemont (FR), membre du conseil d&rsquo;administration avec signature collective \u00e0 deux.<br>Duport de Rivoire d&rsquo;Heilly, Thibaut Bernard Renaud Edouard, de nationalit\u00e9 fran\u00e7aise, \u00e0 Paris (FR), membre du conseil d&rsquo;administration avec signature collective \u00e0 deux.<br>Cardoso, Philippe Jean-Jacques David, de nationalit\u00e9 fran\u00e7aise, \u00e0 Suresnes (FR), membre du conseil d&rsquo;administration avec signature collective \u00e0 deux.<br>Protti, Fabricio Gerardo, de nationalit\u00e9 italienne, \u00e0 Paris (FR), membre du conseil d&rsquo;administration avec signature collective \u00e0 deux.<br>Saghir, Jamal, citoyen canadien, \u00e0 Beyrouth (LB), membre du conseil d&rsquo;administration avec signature collective \u00e0 deux.<br>Le Rol \u00e9pouse Lefranc, Delphine, de nationalit\u00e9 fran\u00e7aise, \u00e0 La Garenne-Colombes (FR), membre du conseil d&rsquo;administration avec signature collective \u00e0 deux.<br>Villiger, Stephan Dominique, de Beinwil (Freiamt), \u00e0 Riehen, directeur avec signature collective \u00e0 deux.<br>Manschott, Axel, de Rheinfelden, \u00e0 Rheinfelden, directeur avec signature collective \u00e0 deux.<br>Guth, Brigitte Rose, de nationalit\u00e9 fran\u00e7aise, \u00e0 Habsheim (FR), curatrice avec signature collective \u00e0 deux.<\/p>\n\n\n\n<h3 class=\"wp-block-heading has-custom-secondary-color has-text-color\"><strong>Inscription au registre du commerce<\/strong><\/h3>\n\n\n\n<p>CH-645-1003436-7<\/p>\n\n\n\n<h3 class=\"wp-block-heading has-custom-secondary-color has-text-color\"><strong>Num\u00e9ro de TVA<\/strong><\/h3>\n\n\n\n<p>CHE-105.904.837<\/p>\n\n\n\n<h3 class=\"wp-block-heading has-custom-secondary-color has-text-color\"><strong>Cr\u00e9ation et gestion du site web<\/strong><\/h3>\n\n\n\n<p>Fait avec amour par <a href=\"http:\/\/focusd.ch\/\" target=\"_blank\" rel=\"noreferrer noopener\">focusd<\/a>.<\/p>\n<\/div>\n<\/div>\n\n\n\n<div aria-hidden=\"true\" class=\"wp-block-fsb-flexible-spacer fsb-flexible-spacer\"><div class=\"fsb-flexible-spacer__device fsb-flexible-spacer__device--lg\" style=\"height:50px\"><\/div><div class=\"fsb-flexible-spacer__device fsb-flexible-spacer__device--md\" style=\"height:30px\"><\/div><div class=\"fsb-flexible-spacer__device fsb-flexible-spacer__device--sm\" style=\"height:20px\"><\/div><\/div>\n<\/div>\n","protected":false},"excerpt":{"rendered":"<p>Mentions l\u00e9gales Adresse de contact CICA S.A.Hochbergerstrasse 60a4057 BaselT\u00e9l. 061 638 85 00 Personne(s) habilit\u00e9e(s) \u00e0 repr\u00e9senter l&rsquo;association Britel, Hakim, de nationalit\u00e9 fran\u00e7aise, \u00e0 Bazemont (FR), membre du conseil d&rsquo;administration avec signature collective \u00e0 deux.Duport de Rivoire d&rsquo;Heilly, Thibaut Bernard Renaud Edouard, de nationalit\u00e9 fran\u00e7aise, \u00e0 Paris (FR), membre du conseil d&rsquo;administration avec signature collective [&hellip;]<\/p>\n","protected":false},"author":1,"featured_media":0,"parent":0,"menu_order":0,"comment_status":"closed","ping_status":"closed","template":"","meta":{"footnotes":""},"class_list":["post-1918","page","type-page","status-publish","hentry"],"acf":[],"_links":{"self":[{"href":"https:\/\/cica.ch\/fr\/wp-json\/wp\/v2\/pages\/1918","targetHints":{"allow":["GET"]}}],"collection":[{"href":"https:\/\/cica.ch\/fr\/wp-json\/wp\/v2\/pages"}],"about":[{"href":"https:\/\/cica.ch\/fr\/wp-json\/wp\/v2\/types\/page"}],"author":[{"embeddable":true,"href":"https:\/\/cica.ch\/fr\/wp-json\/wp\/v2\/users\/1"}],"replies":[{"embeddable":true,"href":"https:\/\/cica.ch\/fr\/wp-json\/wp\/v2\/comments?post=1918"}],"version-history":[{"count":6,"href":"https:\/\/cica.ch\/fr\/wp-json\/wp\/v2\/pages\/1918\/revisions"}],"predecessor-version":[{"id":2841,"href":"https:\/\/cica.ch\/fr\/wp-json\/wp\/v2\/pages\/1918\/revisions\/2841"}],"wp:attachment":[{"href":"https:\/\/cica.ch\/fr\/wp-json\/wp\/v2\/media?parent=1918"}],"curies":[{"name":"wp","href":"https:\/\/api.w.org\/{rel}","templated":true}]}}