{"id":1977,"date":"2022-07-05T05:39:18","date_gmt":"2022-07-05T05:39:18","guid":{"rendered":"https:\/\/cica.ch\/logistik\/"},"modified":"2024-04-19T12:20:31","modified_gmt":"2024-04-19T12:20:31","slug":"logistique","status":"publish","type":"page","link":"https:\/\/cica.ch\/fr\/logistique\/","title":{"rendered":"Logistique"},"content":{"rendered":"\n<div class=\"wp-block-getwid-section alignfull alignfull\"><div class=\"wp-block-getwid-section__wrapper\" style=\"min-height:50vh\"><div class=\"wp-block-getwid-section__divider is-top-divider\"><svg style=\"height:70px\" x=\"0px\" y=\"0px\" viewbox=\"0 0 300 20\" preserveaspectratio=\"none\" class=\"wp-block-getwid-section__divider-svg\"><polygon fill=\"#3c2e51\" class=\"wp-block-getwid-section__divider-svg-fill\" points=\"300,1 150,3 0,1 0,0 300,0 \"\/><polygon fill=\"#3c2e51\" class=\"wp-block-getwid-section__divider-svg-fill\" opacity=\"0.3\" points=\"300,6 150,3 0,6 0,0 300,0 \"\/><polygon fill=\"#3c2e51\" class=\"wp-block-getwid-section__divider-svg-fill\" opacity=\"0.3\" points=\"300,16 150,3 0,16 0,0 300,0 \"\/><polygon fill=\"#3c2e51\" class=\"wp-block-getwid-section__divider-svg-fill\" opacity=\"0.3\" points=\"300,11 150,3 0,11 0,0 300,0 \"\/><\/svg><\/div><div class=\"wp-block-getwid-section__divider is-bottom-divider\"><svg style=\"height:70px\" x=\"0px\" y=\"0px\" viewbox=\"0 0 300 20\" preserveaspectratio=\"none\" class=\"wp-block-getwid-section__divider-svg\"><polygon fill=\"#009f80\" class=\"wp-block-getwid-section__divider-svg-fill\" points=\"300,1 150,3 0,1 0,0 300,0 \"\/><polygon fill=\"#009f80\" class=\"wp-block-getwid-section__divider-svg-fill\" opacity=\"0.3\" points=\"300,6 150,3 0,6 0,0 300,0 \"\/><polygon fill=\"#009f80\" class=\"wp-block-getwid-section__divider-svg-fill\" opacity=\"0.3\" points=\"300,16 150,3 0,16 0,0 300,0 \"\/><polygon fill=\"#009f80\" class=\"wp-block-getwid-section__divider-svg-fill\" opacity=\"0.3\" points=\"300,11 150,3 0,11 0,0 300,0 \"\/><\/svg><\/div><div class=\"wp-block-getwid-section__inner-wrapper\"><div class=\"wp-block-getwid-section__background-holder\"><div class=\"wp-block-getwid-section__background\" style=\"background-image:url('https:\/\/cica.ch\/wp-content\/uploads\/2022\/08\/cica_tankraum-0040-scaled.jpg')\"><div class=\"wp-block-getwid-section__background-image-wrapper\"><img decoding=\"async\" class=\"wp-block-getwid-section__background-image\" src=\"https:\/\/cica.ch\/wp-content\/uploads\/2022\/08\/cica_tankraum-0040-scaled.jpg\" alt=\"\"><\/div><\/div><div class=\"wp-block-getwid-section__foreground\"><\/div><\/div><div class=\"wp-block-getwid-section__content\"><div class=\"wp-block-getwid-section__inner-content\"><\/div><\/div><\/div><\/div><\/div>\n\n<div aria-hidden=\"true\" class=\"wp-block-fsb-flexible-spacer fsb-flexible-spacer\"><div class=\"fsb-flexible-spacer__device fsb-flexible-spacer__device--lg\" style=\"height:50px\"><\/div><div class=\"fsb-flexible-spacer__device fsb-flexible-spacer__device--md\" style=\"height:30px\"><\/div><div class=\"fsb-flexible-spacer__device fsb-flexible-spacer__device--sm\" style=\"height:20px\"><\/div><\/div>\n\n<div class=\"wp-block-group alignfull is-layout-constrained wp-container-core-group-is-layout-2ead184c wp-block-group-is-layout-constrained\">\n<div class=\"wp-block-columns is-layout-flex wp-container-core-columns-is-layout-28f84493 wp-block-columns-is-layout-flex\">\n<div class=\"wp-block-column is-layout-flow wp-block-column-is-layout-flow\" style=\"flex-basis:40%\">\n<h2 class=\"has-primary-color has-text-color wp-block-heading\"><strong><strong>Logistique<\/strong><\/strong><\/h2>\n\n\n\n<div aria-hidden=\"true\" class=\"wp-block-fsb-flexible-spacer fsb-flexible-spacer\"><div class=\"fsb-flexible-spacer__device fsb-flexible-spacer__device--lg\" style=\"height:50px\"><\/div><div class=\"fsb-flexible-spacer__device fsb-flexible-spacer__device--md\" style=\"height:30px\"><\/div><div class=\"fsb-flexible-spacer__device fsb-flexible-spacer__device--sm\" style=\"height:20px\"><\/div><\/div>\n<\/div>\n\n\n\n<div class=\"wp-block-column is-layout-flow wp-block-column-is-layout-flow\" style=\"flex-basis:60%\">\n<h3 class=\"has-custom-secondary-color has-text-color wp-block-heading\">Notre comp\u00e9tence.<\/h3>\n\n\n\n<p>La logistique est une comp\u00e9tence forte de CICA SA. Avec nos deux collaborateurs et un parc de 26 wagons-citernes propres ou lou\u00e9s, nous assurons une logistique optimis\u00e9e et individualis\u00e9e. <\/p>\n\n\n\n<p><sup>En Suisse, environ 60&rsquo;000 m3 de produits sont achemin\u00e9s par train vers nos parcs de stockage en 50 trajets en moyenne.<\/sup><\/p>\n\n\n\n<p>Un(e) collaborateur(trice) qualifi\u00e9(e) est responsable de l&rsquo;approvisionnement de nos produits p\u00e9troliers. Les marchandises achet\u00e9es par CICA SA sont en grande partie achemin\u00e9es par le pipeline de produits SAPPRO (ex M\u00e9diterran\u00e9e &#8211; Gen\u00e8ve).<\/p>\n\n\n\n<div aria-hidden=\"true\" class=\"wp-block-fsb-flexible-spacer fsb-flexible-spacer\"><div class=\"fsb-flexible-spacer__device fsb-flexible-spacer__device--lg\" style=\"height:50px\"><\/div><div class=\"fsb-flexible-spacer__device fsb-flexible-spacer__device--md\" style=\"height:25px\"><\/div><div class=\"fsb-flexible-spacer__device fsb-flexible-spacer__device--sm\" style=\"height:25px\"><\/div><\/div>\n\n\n\n<h4 class=\"wp-block-heading\">Nos parcours d&rsquo;achat<\/h4>\n\n<div class=\"wp-block-getwid-progress-bar\"><div class=\"wp-block-getwid-progress-bar__wrapper\" data-fill-amount=\"25\" data-is-animated=\"true\"><div class=\"wp-block-getwid-progress-bar__header\"><p class=\"wp-block-getwid-progress-bar__title\">Rheinweg<\/p><span class=\"wp-block-getwid-progress-bar__percent\">25%<\/span><\/div><div class=\"wp-block-getwid-progress-bar__bar\"><div class=\"wp-block-getwid-progress-bar__progress\" style=\"width:0%\"><\/div><\/div><\/div><\/div>\n\n<div class=\"wp-block-getwid-progress-bar\"><div class=\"wp-block-getwid-progress-bar__wrapper\" data-fill-amount=\"48\" data-is-animated=\"true\"><div class=\"wp-block-getwid-progress-bar__header\"><p class=\"wp-block-getwid-progress-bar__title\">Pipeline<\/p><span class=\"wp-block-getwid-progress-bar__percent\">48%<\/span><\/div><div class=\"wp-block-getwid-progress-bar__bar\"><div class=\"wp-block-getwid-progress-bar__progress\" style=\"width:0%\"><\/div><\/div><\/div><\/div>\n\n<div class=\"wp-block-getwid-progress-bar\"><div class=\"wp-block-getwid-progress-bar__wrapper\" data-fill-amount=\"22\" data-is-animated=\"true\"><div class=\"wp-block-getwid-progress-bar__header\"><p class=\"wp-block-getwid-progress-bar__title\">Transferts Intertank<\/p><span class=\"wp-block-getwid-progress-bar__percent\">22%<\/span><\/div><div class=\"wp-block-getwid-progress-bar__bar\"><div class=\"wp-block-getwid-progress-bar__progress\" style=\"width:0%\"><\/div><\/div><\/div><\/div>\n\n<div class=\"wp-block-getwid-progress-bar\"><div class=\"wp-block-getwid-progress-bar__wrapper\" data-fill-amount=\"5\" data-is-animated=\"true\"><div class=\"wp-block-getwid-progress-bar__header\"><p class=\"wp-block-getwid-progress-bar__title\">Voie ferroviaire<\/p><span class=\"wp-block-getwid-progress-bar__percent\">5%<\/span><\/div><div class=\"wp-block-getwid-progress-bar__bar\"><div class=\"wp-block-getwid-progress-bar__progress\" style=\"width:0%\"><\/div><\/div><\/div><\/div>\n\n\n\n<div aria-hidden=\"true\" class=\"wp-block-fsb-flexible-spacer fsb-flexible-spacer\"><div class=\"fsb-flexible-spacer__device fsb-flexible-spacer__device--lg\" style=\"height:100px\"><\/div><div class=\"fsb-flexible-spacer__device fsb-flexible-spacer__device--md\" style=\"height:25px\"><\/div><div class=\"fsb-flexible-spacer__device fsb-flexible-spacer__device--sm\" style=\"height:25px\"><\/div><\/div>\n<\/div>\n<\/div>\n<\/div>\n","protected":false},"excerpt":{"rendered":"<p>Logistique Notre comp\u00e9tence. La logistique est une comp\u00e9tence forte de CICA SA. Avec nos deux collaborateurs et un parc de 26 wagons-citernes propres ou lou\u00e9s, nous assurons une logistique optimis\u00e9e et individualis\u00e9e. En Suisse, environ 60&rsquo;000 m3 de produits sont achemin\u00e9s par train vers nos parcs de stockage en 50 trajets en moyenne. Un(e) collaborateur(trice) [&hellip;]<\/p>\n","protected":false},"author":2,"featured_media":0,"parent":0,"menu_order":0,"comment_status":"closed","ping_status":"closed","template":"","meta":{"footnotes":""},"class_list":["post-1977","page","type-page","status-publish","hentry"],"acf":[],"_links":{"self":[{"href":"https:\/\/cica.ch\/fr\/wp-json\/wp\/v2\/pages\/1977","targetHints":{"allow":["GET"]}}],"collection":[{"href":"https:\/\/cica.ch\/fr\/wp-json\/wp\/v2\/pages"}],"about":[{"href":"https:\/\/cica.ch\/fr\/wp-json\/wp\/v2\/types\/page"}],"author":[{"embeddable":true,"href":"https:\/\/cica.ch\/fr\/wp-json\/wp\/v2\/users\/2"}],"replies":[{"embeddable":true,"href":"https:\/\/cica.ch\/fr\/wp-json\/wp\/v2\/comments?post=1977"}],"version-history":[{"count":5,"href":"https:\/\/cica.ch\/fr\/wp-json\/wp\/v2\/pages\/1977\/revisions"}],"predecessor-version":[{"id":2658,"href":"https:\/\/cica.ch\/fr\/wp-json\/wp\/v2\/pages\/1977\/revisions\/2658"}],"wp:attachment":[{"href":"https:\/\/cica.ch\/fr\/wp-json\/wp\/v2\/media?parent=1977"}],"curies":[{"name":"wp","href":"https:\/\/api.w.org\/{rel}","templated":true}]}}