{"id":1989,"date":"2022-07-05T05:36:00","date_gmt":"2022-07-05T05:36:00","guid":{"rendered":"https:\/\/cica.ch\/produits\/carburants\/"},"modified":"2024-04-19T12:22:26","modified_gmt":"2024-04-19T12:22:26","slug":"carburants","status":"publish","type":"page","link":"https:\/\/cica.ch\/fr\/produits\/carburants\/","title":{"rendered":"Carburants"},"content":{"rendered":"\n<div class=\"wp-block-getwid-section alignfull alignfull\"><div class=\"wp-block-getwid-section__wrapper\" style=\"min-height:50vh\"><div class=\"wp-block-getwid-section__divider is-top-divider\"><svg style=\"height:70px\" x=\"0px\" y=\"0px\" viewbox=\"0 0 300 20\" preserveaspectratio=\"none\" class=\"wp-block-getwid-section__divider-svg\"><polygon fill=\"#3c2e51\" class=\"wp-block-getwid-section__divider-svg-fill\" points=\"300,1 150,3 0,1 0,0 300,0 \"\/><polygon fill=\"#3c2e51\" class=\"wp-block-getwid-section__divider-svg-fill\" opacity=\"0.3\" points=\"300,6 150,3 0,6 0,0 300,0 \"\/><polygon fill=\"#3c2e51\" class=\"wp-block-getwid-section__divider-svg-fill\" opacity=\"0.3\" points=\"300,16 150,3 0,16 0,0 300,0 \"\/><polygon fill=\"#3c2e51\" class=\"wp-block-getwid-section__divider-svg-fill\" opacity=\"0.3\" points=\"300,11 150,3 0,11 0,0 300,0 \"\/><\/svg><\/div><div class=\"wp-block-getwid-section__divider is-bottom-divider\"><svg style=\"height:70px\" x=\"0px\" y=\"0px\" viewbox=\"0 0 300 20\" preserveaspectratio=\"none\" class=\"wp-block-getwid-section__divider-svg\"><polygon fill=\"#009f80\" class=\"wp-block-getwid-section__divider-svg-fill\" points=\"300,1 150,3 0,1 0,0 300,0 \"\/><polygon fill=\"#009f80\" class=\"wp-block-getwid-section__divider-svg-fill\" opacity=\"0.3\" points=\"300,6 150,3 0,6 0,0 300,0 \"\/><polygon fill=\"#009f80\" class=\"wp-block-getwid-section__divider-svg-fill\" opacity=\"0.3\" points=\"300,16 150,3 0,16 0,0 300,0 \"\/><polygon fill=\"#009f80\" class=\"wp-block-getwid-section__divider-svg-fill\" opacity=\"0.3\" points=\"300,11 150,3 0,11 0,0 300,0 \"\/><\/svg><\/div><div class=\"wp-block-getwid-section__inner-wrapper\"><div class=\"wp-block-getwid-section__background-holder\"><div class=\"wp-block-getwid-section__background\" style=\"background-image:url('https:\/\/cica.ch\/wp-content\/uploads\/2022\/04\/kyle-glenn-Qo4gei6NvcQ-unsplash.jpg')\"><div class=\"wp-block-getwid-section__background-image-wrapper\"><img decoding=\"async\" class=\"wp-block-getwid-section__background-image\" src=\"https:\/\/cica.ch\/wp-content\/uploads\/2022\/04\/kyle-glenn-Qo4gei6NvcQ-unsplash.jpg\" alt=\"\"><\/div><\/div><div class=\"wp-block-getwid-section__foreground\"><\/div><\/div><div class=\"wp-block-getwid-section__content\"><div class=\"wp-block-getwid-section__inner-content\"><\/div><\/div><\/div><\/div><\/div>\n\n<div aria-hidden=\"true\" class=\"wp-block-fsb-flexible-spacer fsb-flexible-spacer\"><div class=\"fsb-flexible-spacer__device fsb-flexible-spacer__device--lg\" style=\"height:50px\"><\/div><div class=\"fsb-flexible-spacer__device fsb-flexible-spacer__device--md\" style=\"height:30px\"><\/div><div class=\"fsb-flexible-spacer__device fsb-flexible-spacer__device--sm\" style=\"height:20px\"><\/div><\/div>\n\n<div class=\"wp-block-group alignfull is-layout-constrained wp-container-core-group-is-layout-2ead184c wp-block-group-is-layout-constrained\">\n<div class=\"wp-block-columns is-layout-flex wp-container-core-columns-is-layout-28f84493 wp-block-columns-is-layout-flex\">\n<div class=\"wp-block-column is-layout-flow wp-block-column-is-layout-flow\" style=\"flex-basis:40%\">\n<h2 class=\"has-primary-color has-text-color wp-block-heading\"><strong><strong>Carburants<\/strong><\/strong><\/h2>\n\n\n\n<div aria-hidden=\"true\" class=\"wp-block-fsb-flexible-spacer fsb-flexible-spacer\"><div class=\"fsb-flexible-spacer__device fsb-flexible-spacer__device--lg\" style=\"height:50px\"><\/div><div class=\"fsb-flexible-spacer__device fsb-flexible-spacer__device--md\" style=\"height:30px\"><\/div><div class=\"fsb-flexible-spacer__device fsb-flexible-spacer__device--sm\" style=\"height:20px\"><\/div><\/div>\n<\/div>\n\n\n\n<div class=\"wp-block-column is-layout-flow wp-block-column-is-layout-flow\" style=\"flex-basis:60%\">\n<div class=\"wp-block-group is-layout-flow wp-block-group-is-layout-flow\">\n<h3 class=\"has-custom-secondary-color has-text-color wp-block-heading\">Diesel<\/h3>\n\n\n\n<p>Notre diesel r\u00e9pond \u00e0 toutes les exigences d&rsquo;un moteur diesel sophistiqu\u00e9. Ce carburant a un bon comportement \u00e0 froid (jusqu&rsquo;\u00e0 moins 20\u00b0C) et pr\u00e9sente une teneur en soufre de max. 10 ppm.<\/p>\n\n\n\n<div class=\"wp-block-buttons is-layout-flex wp-block-buttons-is-layout-flex\">\n<div class=\"wp-block-button\"><a class=\"wp-block-button__link has-custom-secondary-background-color has-background\" href=\"https:\/\/cica.ch\/wp-content\/uploads\/2022\/08\/SDB_CICA_Diesel.pdf\" target=\"_blank\" rel=\"noreferrer noopener\">T\u00e9l\u00e9charger la fiche de donn\u00e9es de s\u00e9curit\u00e9<\/a><\/div>\n<\/div>\n\n\n\n<div class=\"wp-block-buttons is-layout-flex wp-block-buttons-is-layout-flex\">\n<div class=\"wp-block-button\"><a class=\"wp-block-button__link has-custom-secondary-background-color has-background\" href=\"https:\/\/cica.ch\/wp-content\/uploads\/2022\/12\/Datenblatt_CICA_Diesel-2.pdf\" target=\"_blank\" rel=\"noreferrer noopener\">T\u00e9l\u00e9charger la fiche produit<\/a><\/div>\n<\/div>\n\n\n\n<div aria-hidden=\"true\" class=\"wp-block-fsb-flexible-spacer fsb-flexible-spacer\"><div class=\"fsb-flexible-spacer__device fsb-flexible-spacer__device--lg\" style=\"height:50px\"><\/div><div class=\"fsb-flexible-spacer__device fsb-flexible-spacer__device--md\" style=\"height:25px\"><\/div><div class=\"fsb-flexible-spacer__device fsb-flexible-spacer__device--sm\" style=\"height:25px\"><\/div><\/div>\n<\/div>\n\n\n\n<div class=\"wp-block-group is-layout-flow wp-block-group-is-layout-flow\">\n<h3 class=\"has-custom-secondary-color has-text-color wp-block-heading\">Essence<\/h3>\n\n\n\n<p>L&rsquo;essence est principalement produite \u00e0 partir de composants raffin\u00e9s issus du raffinage du p\u00e9trole et utilis\u00e9e comme carburant. Depuis 2000, l&rsquo;essence au plomb est interdite dans l&rsquo;UE, seul le k\u00e9ros\u00e8ne peut encore contenir du plomb. Nos essences sans plomb 95 et sans plomb 98 se distinguent par des indices d&rsquo;octane diff\u00e9rents.<\/p>\n\n\n\n<div class=\"wp-block-buttons is-layout-flex wp-block-buttons-is-layout-flex\">\n<div class=\"wp-block-button\"><a class=\"wp-block-button__link has-custom-secondary-background-color has-background\" href=\"https:\/\/cica.ch\/wp-content\/uploads\/2022\/08\/SDB_CICA_Benzin.pdf\" target=\"_blank\" rel=\"noreferrer noopener\">T\u00e9l\u00e9charger la fiche de donn\u00e9es de s\u00e9curit\u00e9<\/a><\/div>\n<\/div>\n\n\n\n<div class=\"wp-block-buttons is-layout-flex wp-block-buttons-is-layout-flex\">\n<div class=\"wp-block-button\"><a class=\"wp-block-button__link has-custom-secondary-background-color has-background\" href=\"https:\/\/cica.ch\/wp-content\/uploads\/2022\/09\/Datenblatt_CICA_Bleifrei-95.pdf\" target=\"_blank\" rel=\"noreferrer noopener\">T\u00e9l\u00e9charger la fiche technique du produit sans plomb 95<\/a><\/div>\n<\/div>\n\n\n\n<div class=\"wp-block-buttons is-layout-flex wp-block-buttons-is-layout-flex\">\n<div class=\"wp-block-button\"><a class=\"wp-block-button__link has-custom-secondary-background-color has-background\" href=\"https:\/\/cica.ch\/wp-content\/uploads\/2022\/09\/Datenblatt_CICA_Bleifrei-98.pdf\" target=\"_blank\" rel=\"noreferrer noopener\">T\u00e9l\u00e9charger la fiche technique du produit sans plomb 98<\/a><\/div>\n<\/div>\n\n\n\n<div aria-hidden=\"true\" class=\"wp-block-fsb-flexible-spacer fsb-flexible-spacer\"><div class=\"fsb-flexible-spacer__device fsb-flexible-spacer__device--lg\" style=\"height:50px\"><\/div><div class=\"fsb-flexible-spacer__device fsb-flexible-spacer__device--md\" style=\"height:25px\"><\/div><div class=\"fsb-flexible-spacer__device fsb-flexible-spacer__device--sm\" style=\"height:25px\"><\/div><\/div>\n<\/div>\n<\/div>\n<\/div>\n<\/div>\n\n<div aria-hidden=\"true\" class=\"wp-block-fsb-flexible-spacer fsb-flexible-spacer\"><div class=\"fsb-flexible-spacer__device fsb-flexible-spacer__device--lg\" style=\"height:50px\"><\/div><div class=\"fsb-flexible-spacer__device fsb-flexible-spacer__device--md\" style=\"height:25px\"><\/div><div class=\"fsb-flexible-spacer__device fsb-flexible-spacer__device--sm\" style=\"height:25px\"><\/div><\/div>\n","protected":false},"excerpt":{"rendered":"<p>Carburants Diesel Notre diesel r\u00e9pond \u00e0 toutes les exigences d&rsquo;un moteur diesel sophistiqu\u00e9. Ce carburant a un bon comportement \u00e0 froid (jusqu&rsquo;\u00e0 moins 20\u00b0C) et pr\u00e9sente une teneur en soufre de max. 10 ppm. Essence L&rsquo;essence est principalement produite \u00e0 partir de composants raffin\u00e9s issus du raffinage du p\u00e9trole et utilis\u00e9e comme carburant. Depuis 2000, [&hellip;]<\/p>\n","protected":false},"author":2,"featured_media":0,"parent":1979,"menu_order":0,"comment_status":"closed","ping_status":"closed","template":"","meta":{"footnotes":""},"class_list":["post-1989","page","type-page","status-publish","hentry"],"acf":[],"_links":{"self":[{"href":"https:\/\/cica.ch\/fr\/wp-json\/wp\/v2\/pages\/1989","targetHints":{"allow":["GET"]}}],"collection":[{"href":"https:\/\/cica.ch\/fr\/wp-json\/wp\/v2\/pages"}],"about":[{"href":"https:\/\/cica.ch\/fr\/wp-json\/wp\/v2\/types\/page"}],"author":[{"embeddable":true,"href":"https:\/\/cica.ch\/fr\/wp-json\/wp\/v2\/users\/2"}],"replies":[{"embeddable":true,"href":"https:\/\/cica.ch\/fr\/wp-json\/wp\/v2\/comments?post=1989"}],"version-history":[{"count":11,"href":"https:\/\/cica.ch\/fr\/wp-json\/wp\/v2\/pages\/1989\/revisions"}],"predecessor-version":[{"id":2665,"href":"https:\/\/cica.ch\/fr\/wp-json\/wp\/v2\/pages\/1989\/revisions\/2665"}],"up":[{"embeddable":true,"href":"https:\/\/cica.ch\/fr\/wp-json\/wp\/v2\/pages\/1979"}],"wp:attachment":[{"href":"https:\/\/cica.ch\/fr\/wp-json\/wp\/v2\/media?parent=1989"}],"curies":[{"name":"wp","href":"https:\/\/api.w.org\/{rel}","templated":true}]}}