{"id":1993,"date":"2022-04-26T09:30:32","date_gmt":"2022-04-26T09:30:32","guid":{"rendered":"https:\/\/cica.ch\/produits\/huile-minerale%ef%bf%bc%ef%bf%bc\/"},"modified":"2022-10-12T13:25:30","modified_gmt":"2022-10-12T13:25:30","slug":"huile-minerale%ef%bf%bc%ef%bf%bc","status":"publish","type":"page","link":"https:\/\/cica.ch\/fr\/produits\/huile-minerale%ef%bf%bc%ef%bf%bc\/","title":{"rendered":"Huile min\u00e9rale\ufffc\ufffc"},"content":{"rendered":"\n<div class=\"wp-block-getwid-section alignfull alignfull\"><div class=\"wp-block-getwid-section__wrapper\" style=\"min-height:50vh\"><div class=\"wp-block-getwid-section__divider is-top-divider\"><svg style=\"height:70px\" x=\"0px\" y=\"0px\" viewbox=\"0 0 300 20\" preserveaspectratio=\"none\" class=\"wp-block-getwid-section__divider-svg\"><polygon fill=\"#3c2e51\" class=\"wp-block-getwid-section__divider-svg-fill\" points=\"300,1 150,3 0,1 0,0 300,0 \"\/><polygon fill=\"#3c2e51\" class=\"wp-block-getwid-section__divider-svg-fill\" opacity=\"0.3\" points=\"300,6 150,3 0,6 0,0 300,0 \"\/><polygon fill=\"#3c2e51\" class=\"wp-block-getwid-section__divider-svg-fill\" opacity=\"0.3\" points=\"300,16 150,3 0,16 0,0 300,0 \"\/><polygon fill=\"#3c2e51\" class=\"wp-block-getwid-section__divider-svg-fill\" opacity=\"0.3\" points=\"300,11 150,3 0,11 0,0 300,0 \"\/><\/svg><\/div><div class=\"wp-block-getwid-section__divider is-bottom-divider\"><svg style=\"height:70px\" x=\"0px\" y=\"0px\" viewbox=\"0 0 300 20\" preserveaspectratio=\"none\" class=\"wp-block-getwid-section__divider-svg\"><polygon fill=\"#f49b57\" class=\"wp-block-getwid-section__divider-svg-fill\" points=\"300,1 150,3 0,1 0,0 300,0 \"\/><polygon fill=\"#f49b57\" class=\"wp-block-getwid-section__divider-svg-fill\" opacity=\"0.3\" points=\"300,6 150,3 0,6 0,0 300,0 \"\/><polygon fill=\"#f49b57\" class=\"wp-block-getwid-section__divider-svg-fill\" opacity=\"0.3\" points=\"300,16 150,3 0,16 0,0 300,0 \"\/><polygon fill=\"#f49b57\" class=\"wp-block-getwid-section__divider-svg-fill\" opacity=\"0.3\" points=\"300,11 150,3 0,11 0,0 300,0 \"\/><\/svg><\/div><div class=\"wp-block-getwid-section__inner-wrapper\"><div class=\"wp-block-getwid-section__background-holder\"><div class=\"wp-block-getwid-section__background\" style=\"background-image:url('https:\/\/cica.ch\/wp-content\/uploads\/2022\/06\/0vqpsat3aog.jpg')\"><div class=\"wp-block-getwid-section__background-image-wrapper\"><img decoding=\"async\" class=\"wp-block-getwid-section__background-image\" src=\"https:\/\/cica.ch\/wp-content\/uploads\/2022\/06\/0vqpsat3aog.jpg\" alt=\"papier peint multicolore abstrait\"><\/div><\/div><div class=\"wp-block-getwid-section__foreground\"><\/div><\/div><div class=\"wp-block-getwid-section__content\"><div class=\"wp-block-getwid-section__inner-content\"><\/div><\/div><\/div><\/div><\/div>\n\n<div aria-hidden=\"true\" class=\"wp-block-fsb-flexible-spacer fsb-flexible-spacer\"><div class=\"fsb-flexible-spacer__device fsb-flexible-spacer__device--lg\" style=\"height:50px\"><\/div><div class=\"fsb-flexible-spacer__device fsb-flexible-spacer__device--md\" style=\"height:30px\"><\/div><div class=\"fsb-flexible-spacer__device fsb-flexible-spacer__device--sm\" style=\"height:20px\"><\/div><\/div>\n\n<div class=\"wp-block-group alignfull is-layout-constrained wp-container-core-group-is-layout-2ead184c wp-block-group-is-layout-constrained\">\n<div class=\"wp-block-columns is-layout-flex wp-container-core-columns-is-layout-28f84493 wp-block-columns-is-layout-flex\">\n<div class=\"wp-block-column is-layout-flow wp-block-column-is-layout-flow\" style=\"flex-basis:40%\">\n<h2 class=\"has-custom-primary-color has-text-color wp-block-heading\"><strong><strong>Huile min\u00e9rale<\/strong><\/strong><\/h2>\n\n\n\n<div aria-hidden=\"true\" class=\"wp-block-fsb-flexible-spacer fsb-flexible-spacer\"><div class=\"fsb-flexible-spacer__device fsb-flexible-spacer__device--lg\" style=\"height:50px\"><\/div><div class=\"fsb-flexible-spacer__device fsb-flexible-spacer__device--md\" style=\"height:30px\"><\/div><div class=\"fsb-flexible-spacer__device fsb-flexible-spacer__device--sm\" style=\"height:20px\"><\/div><\/div>\n<\/div>\n\n\n\n<div class=\"wp-block-column is-layout-flow wp-block-column-is-layout-flow\" style=\"flex-basis:60%\">\n<h3 class=\"has-custom-secondary-color has-text-color wp-block-heading\"><strong><strong>Produits standard et qualit\u00e9s sp\u00e9cifiques<\/strong><\/strong><\/h3>\n\n\n\n<p>Le CICA dispose non seulement de l&rsquo;ensemble des produits standards conformes \u00e0 la norme en Suisse, mais s&rsquo;efforce \u00e9galement d&rsquo;offrir une gamme de qualit\u00e9s sp\u00e9cifiques r\u00e9pondant \u00e0 des besoins particuliers.<\/p>\n<\/div>\n<\/div>\n<\/div>\n\n<div class=\"wp-block-group alignfull is-layout-constrained wp-container-core-group-is-layout-2ead184c wp-block-group-is-layout-constrained\" id=\"standard-treibstoffe\">\n<div class=\"wp-block-columns is-layout-flex wp-container-core-columns-is-layout-28f84493 wp-block-columns-is-layout-flex\">\n<div class=\"wp-block-column is-layout-flow wp-block-column-is-layout-flow\" style=\"flex-basis:40%\"><\/div>\n\n\n\n<div class=\"wp-block-column is-layout-flow wp-block-column-is-layout-flow\" style=\"flex-basis:60%\">\n<h3 class=\"has-custom-secondary-color has-text-color wp-block-heading\"><strong><strong><strong><strong><strong>Carburants standard<\/strong><\/strong><\/strong><\/strong><\/strong><\/h3>\n\n\n\n<ul class=\"wp-block-list\"><li>Essence sans plomb 95 octane qualit\u00e9 \u00e9t\u00e9\/hiver<\/li><li>Essence sans plomb 98 octane qualit\u00e9 \u00e9t\u00e9\/hiver<\/li><li>Diesel 10 ppm de soufre, -10 cloud \/ -20 CFPP<\/li><\/ul>\n<\/div>\n<\/div>\n<\/div>\n\n<div class=\"wp-block-group alignfull is-layout-constrained wp-container-core-group-is-layout-2ead184c wp-block-group-is-layout-constrained\" id=\"standard-treibstoffe\">\n<div class=\"wp-block-columns is-layout-flex wp-container-core-columns-is-layout-28f84493 wp-block-columns-is-layout-flex\">\n<div class=\"wp-block-column is-layout-flow wp-block-column-is-layout-flow\" style=\"flex-basis:40%\"><\/div>\n\n\n\n<div class=\"wp-block-column is-layout-flow wp-block-column-is-layout-flow\" style=\"flex-basis:60%\">\n<h3 class=\"has-custom-secondary-color has-text-color wp-block-heading\"><strong><strong><strong><strong><strong><strong><strong><strong>Huiles de chauffage standard<\/strong><\/strong><\/strong><\/strong><\/strong><\/strong><\/strong><\/strong><\/h3>\n\n\n\n<ul class=\"wp-block-list\"><li>HEL Euro 0,1% Soufre<\/li><li>HEL Oeko 50 ppm de soufre, -1 cloud \/ -10 CFPP<\/li><li>HEL Oeko 10 ppm de soufre, -10 cloud \/ -20 CFPP<\/li><\/ul>\n<\/div>\n<\/div>\n<\/div>\n\n<div class=\"wp-block-group alignfull is-layout-constrained wp-container-core-group-is-layout-2ead184c wp-block-group-is-layout-constrained\" id=\"standard-treibstoffe\">\n<div class=\"wp-block-columns is-layout-flex wp-container-core-columns-is-layout-28f84493 wp-block-columns-is-layout-flex\">\n<div class=\"wp-block-column is-layout-flow wp-block-column-is-layout-flow\" style=\"flex-basis:40%\"><\/div>\n\n\n\n<div class=\"wp-block-column is-layout-flow wp-block-column-is-layout-flow\" style=\"flex-basis:60%\">\n<h3 class=\"has-custom-secondary-color has-text-color wp-block-heading\"><strong><strong><strong><strong><strong><strong><strong><strong><strong><strong><strong><strong>Qualit\u00e9s sp\u00e9cifiques (selon le stock et la saison)<\/strong><\/strong><\/strong><\/strong><\/strong><\/strong><\/strong><\/strong><\/strong><\/strong><\/strong><\/strong><\/h3>\n\n\n\n<ul class=\"wp-block-list\"><li>Diesel 10 ppm qualit\u00e9 \u00e9t\u00e9 Gen\u00e8ve Petrostock<\/li><li>HEL Oeko 50 pmm -7\/-22<\/li><li>Diesel DIN<\/li><li>GNR Fran\u00e7ais Gen\u00e8ve Petrostock<\/li><\/ul>\n<\/div>\n<\/div>\n<\/div>\n\n<div aria-hidden=\"true\" class=\"wp-block-fsb-flexible-spacer fsb-flexible-spacer\"><div class=\"fsb-flexible-spacer__device fsb-flexible-spacer__device--lg\" style=\"height:50px\"><\/div><div class=\"fsb-flexible-spacer__device fsb-flexible-spacer__device--md\" style=\"height:25px\"><\/div><div class=\"fsb-flexible-spacer__device fsb-flexible-spacer__device--sm\" style=\"height:25px\"><\/div><\/div>\n","protected":false},"excerpt":{"rendered":"<p>Huile min\u00e9rale Produits standard et qualit\u00e9s sp\u00e9cifiques Le CICA dispose non seulement de l&rsquo;ensemble des produits standards conformes \u00e0 la norme en Suisse, mais s&rsquo;efforce \u00e9galement d&rsquo;offrir une gamme de qualit\u00e9s sp\u00e9cifiques r\u00e9pondant \u00e0 des besoins particuliers. Carburants standard Essence sans plomb 95 octane qualit\u00e9 \u00e9t\u00e9\/hiver Essence sans plomb 98 octane qualit\u00e9 \u00e9t\u00e9\/hiver Diesel 10 [&hellip;]<\/p>\n","protected":false},"author":1,"featured_media":0,"parent":1979,"menu_order":0,"comment_status":"closed","ping_status":"closed","template":"","meta":{"footnotes":""},"class_list":["post-1993","page","type-page","status-publish","hentry"],"acf":[],"_links":{"self":[{"href":"https:\/\/cica.ch\/fr\/wp-json\/wp\/v2\/pages\/1993","targetHints":{"allow":["GET"]}}],"collection":[{"href":"https:\/\/cica.ch\/fr\/wp-json\/wp\/v2\/pages"}],"about":[{"href":"https:\/\/cica.ch\/fr\/wp-json\/wp\/v2\/types\/page"}],"author":[{"embeddable":true,"href":"https:\/\/cica.ch\/fr\/wp-json\/wp\/v2\/users\/1"}],"replies":[{"embeddable":true,"href":"https:\/\/cica.ch\/fr\/wp-json\/wp\/v2\/comments?post=1993"}],"version-history":[{"count":1,"href":"https:\/\/cica.ch\/fr\/wp-json\/wp\/v2\/pages\/1993\/revisions"}],"predecessor-version":[{"id":1994,"href":"https:\/\/cica.ch\/fr\/wp-json\/wp\/v2\/pages\/1993\/revisions\/1994"}],"up":[{"embeddable":true,"href":"https:\/\/cica.ch\/fr\/wp-json\/wp\/v2\/pages\/1979"}],"wp:attachment":[{"href":"https:\/\/cica.ch\/fr\/wp-json\/wp\/v2\/media?parent=1993"}],"curies":[{"name":"wp","href":"https:\/\/api.w.org\/{rel}","templated":true}]}}