{"id":2001,"date":"2022-04-25T08:36:29","date_gmt":"2022-04-25T08:36:29","guid":{"rendered":"https:\/\/cica.ch\/entreprise\/"},"modified":"2024-04-19T11:17:59","modified_gmt":"2024-04-19T11:17:59","slug":"entreprise","status":"publish","type":"page","link":"https:\/\/cica.ch\/fr\/entreprise\/","title":{"rendered":"Entreprise"},"content":{"rendered":"\n<div class=\"wp-block-getwid-section alignfull alignfull\"><div class=\"wp-block-getwid-section__wrapper\" style=\"min-height:50vh\"><div class=\"wp-block-getwid-section__divider is-top-divider\"><svg style=\"height:70px\" x=\"0px\" y=\"0px\" viewbox=\"0 0 300 20\" preserveaspectratio=\"none\" class=\"wp-block-getwid-section__divider-svg\"><polygon fill=\"#3c2e51\" class=\"wp-block-getwid-section__divider-svg-fill\" points=\"300,1 150,3 0,1 0,0 300,0 \"\/><polygon fill=\"#3c2e51\" class=\"wp-block-getwid-section__divider-svg-fill\" opacity=\"0.3\" points=\"300,6 150,3 0,6 0,0 300,0 \"\/><polygon fill=\"#3c2e51\" class=\"wp-block-getwid-section__divider-svg-fill\" opacity=\"0.3\" points=\"300,16 150,3 0,16 0,0 300,0 \"\/><polygon fill=\"#3c2e51\" class=\"wp-block-getwid-section__divider-svg-fill\" opacity=\"0.3\" points=\"300,11 150,3 0,11 0,0 300,0 \"\/><\/svg><\/div><div class=\"wp-block-getwid-section__divider is-bottom-divider\"><svg style=\"height:70px\" x=\"0px\" y=\"0px\" viewbox=\"0 0 300 20\" preserveaspectratio=\"none\" class=\"wp-block-getwid-section__divider-svg\"><polygon fill=\"#009f80\" class=\"wp-block-getwid-section__divider-svg-fill\" points=\"300,1 150,3 0,1 0,0 300,0 \"\/><polygon fill=\"#009f80\" class=\"wp-block-getwid-section__divider-svg-fill\" opacity=\"0.3\" points=\"300,6 150,3 0,6 0,0 300,0 \"\/><polygon fill=\"#009f80\" class=\"wp-block-getwid-section__divider-svg-fill\" opacity=\"0.3\" points=\"300,16 150,3 0,16 0,0 300,0 \"\/><polygon fill=\"#009f80\" class=\"wp-block-getwid-section__divider-svg-fill\" opacity=\"0.3\" points=\"300,11 150,3 0,11 0,0 300,0 \"\/><\/svg><\/div><div class=\"wp-block-getwid-section__inner-wrapper\"><div class=\"wp-block-getwid-section__background-holder\"><div class=\"wp-block-getwid-section__background\" style=\"background-image:url('https:\/\/cica.ch\/wp-content\/uploads\/2022\/08\/Fotolia_175830171_Subscription_XXL-scaled.jpg')\"><div class=\"wp-block-getwid-section__background-image-wrapper\"><img decoding=\"async\" class=\"wp-block-getwid-section__background-image\" src=\"https:\/\/cica.ch\/wp-content\/uploads\/2022\/08\/Fotolia_175830171_Subscription_XXL-scaled.jpg\" alt=\"\"><\/div><\/div><div class=\"wp-block-getwid-section__foreground\"><\/div><\/div><div class=\"wp-block-getwid-section__content\"><div class=\"wp-block-getwid-section__inner-content\"><\/div><\/div><\/div><\/div><\/div>\n\n<div aria-hidden=\"true\" class=\"wp-block-fsb-flexible-spacer fsb-flexible-spacer\"><div class=\"fsb-flexible-spacer__device fsb-flexible-spacer__device--lg\" style=\"height:50px\"><\/div><div class=\"fsb-flexible-spacer__device fsb-flexible-spacer__device--md\" style=\"height:30px\"><\/div><div class=\"fsb-flexible-spacer__device fsb-flexible-spacer__device--sm\" style=\"height:20px\"><\/div><\/div>\n\n<div class=\"wp-block-group alignfull is-layout-constrained wp-container-core-group-is-layout-2ead184c wp-block-group-is-layout-constrained\">\n<div class=\"wp-block-columns is-layout-flex wp-container-core-columns-is-layout-28f84493 wp-block-columns-is-layout-flex\">\n<div class=\"wp-block-column is-layout-flow wp-block-column-is-layout-flow\" style=\"flex-basis:40%\">\n<h2 class=\"has-primary-color has-text-color wp-block-heading\"><strong><strong>Entreprise<\/strong><\/strong><\/h2>\n\n\n\n<div aria-hidden=\"true\" class=\"wp-block-fsb-flexible-spacer fsb-flexible-spacer\"><div class=\"fsb-flexible-spacer__device fsb-flexible-spacer__device--lg\" style=\"height:50px\"><\/div><div class=\"fsb-flexible-spacer__device fsb-flexible-spacer__device--md\" style=\"height:30px\"><\/div><div class=\"fsb-flexible-spacer__device fsb-flexible-spacer__device--sm\" style=\"height:20px\"><\/div><\/div>\n<\/div>\n\n\n\n<div class=\"wp-block-column is-layout-flow wp-block-column-is-layout-flow\" style=\"flex-basis:60%\">\n<h3 class=\"has-custom-secondary-color has-text-color wp-block-heading\"><strong><strong>Nous apportons la s\u00e9curit\u00e9 \u00e0 votre approvisionnement !<\/strong><\/strong><\/h3>\n\n\n\n<p>Il nous tient \u00e0 c\u0153ur de r\u00e9pondre de fa\u00e7on individuelle \u00e0 vos demandes. Chez CICA SA les souhaits des clients sont une priorit\u00e9. Nous sommes votre sp\u00e9cialiste en produits p\u00e9troliers et en gestion des espaces de stockage. Nous proposons \u00e9galement des biocarburants de haute qualit\u00e9 tels que le diesel B7 et l&rsquo;essence E5.<\/p>\n\n\n\n<p>Nous serions heureux de vous compter parmi nos clients satisfaits. Vous pouvez nous rejoindre \u00e0 tout moment afin de fixer un rendez-vous. Nous nous r\u00e9jouissons de votre appel au 061 638 85 00<\/p>\n<\/div>\n<\/div>\n<\/div>\n\n<div class=\"wp-block-group alignfull is-layout-flow wp-block-group-is-layout-flow\" style=\"padding-top:50px;padding-bottom:50px\">\n<div class=\"wp-block-group alignwide home-page-header has-border-color has-primary-border-color is-layout-flow wp-block-group-is-layout-flow\" style=\"border-style:solid;border-width:3px;padding-top:30px;padding-right:30px;padding-bottom:30px;padding-left:30px\">\n<figure class=\"wp-block-image aligncenter size-full\"><a href=\"https:\/\/www.bollore.com\/\" target=\"_blank\" rel=\"noreferrer noopener\"><img loading=\"lazy\" decoding=\"async\" width=\"332\" height=\"139\" src=\"https:\/\/cica.ch\/wp-content\/uploads\/2022\/08\/image003.png\" alt=\"\" class=\"wp-image-1485\" srcset=\"https:\/\/cica.ch\/wp-content\/uploads\/2022\/08\/image003.png 332w, https:\/\/cica.ch\/wp-content\/uploads\/2022\/08\/image003-300x126.png 300w\" sizes=\"auto, (max-width: 332px) 100vw, 332px\" \/><\/a><\/figure>\n\n\n\n<div aria-hidden=\"true\" class=\"wp-block-fsb-flexible-spacer fsb-flexible-spacer\"><div class=\"fsb-flexible-spacer__device fsb-flexible-spacer__device--lg\" style=\"height:5px\"><\/div><div class=\"fsb-flexible-spacer__device fsb-flexible-spacer__device--md\" style=\"height:25px\"><\/div><div class=\"fsb-flexible-spacer__device fsb-flexible-spacer__device--sm\" style=\"height:25px\"><\/div><\/div>\n\n\n\n<p class=\"has-text-align-center has-foreground-color has-text-color\">Soci\u00e9t\u00e9 m\u00e8re de CICA S.A. &#8211; 73&rsquo;000 employ\u00e9s et 20 milliards de chiffre d&rsquo;affaires\/an.<\/p>\n\n\n\n<div aria-hidden=\"true\" class=\"wp-block-fsb-flexible-spacer fsb-flexible-spacer\"><div class=\"fsb-flexible-spacer__device fsb-flexible-spacer__device--lg\" style=\"height:5px\"><\/div><div class=\"fsb-flexible-spacer__device fsb-flexible-spacer__device--md\" style=\"height:25px\"><\/div><div class=\"fsb-flexible-spacer__device fsb-flexible-spacer__device--sm\" style=\"height:25px\"><\/div><\/div>\n\n\n\n<div class=\"wp-block-buttons is-content-justification-center is-layout-flex wp-container-core-buttons-is-layout-a89b3969 wp-block-buttons-is-layout-flex\">\n<div class=\"wp-block-button\"><a class=\"wp-block-button__link has-background-color has-custom-secondary-background-color has-text-color has-background\" href=\"https:\/\/www.bollore-energy.com\" target=\"_blank\" rel=\"noreferrer noopener\">En savoir plus<\/a><\/div>\n<\/div>\n<\/div>\n<\/div>\n","protected":false},"excerpt":{"rendered":"<p>Entreprise Nous apportons la s\u00e9curit\u00e9 \u00e0 votre approvisionnement ! Il nous tient \u00e0 c\u0153ur de r\u00e9pondre de fa\u00e7on individuelle \u00e0 vos demandes. Chez CICA SA les souhaits des clients sont une priorit\u00e9. Nous sommes votre sp\u00e9cialiste en produits p\u00e9troliers et en gestion des espaces de stockage. Nous proposons \u00e9galement des biocarburants de haute qualit\u00e9 tels [&hellip;]<\/p>\n","protected":false},"author":1,"featured_media":0,"parent":0,"menu_order":0,"comment_status":"closed","ping_status":"closed","template":"","meta":{"footnotes":""},"class_list":["post-2001","page","type-page","status-publish","hentry"],"acf":[],"_links":{"self":[{"href":"https:\/\/cica.ch\/fr\/wp-json\/wp\/v2\/pages\/2001","targetHints":{"allow":["GET"]}}],"collection":[{"href":"https:\/\/cica.ch\/fr\/wp-json\/wp\/v2\/pages"}],"about":[{"href":"https:\/\/cica.ch\/fr\/wp-json\/wp\/v2\/types\/page"}],"author":[{"embeddable":true,"href":"https:\/\/cica.ch\/fr\/wp-json\/wp\/v2\/users\/1"}],"replies":[{"embeddable":true,"href":"https:\/\/cica.ch\/fr\/wp-json\/wp\/v2\/comments?post=2001"}],"version-history":[{"count":7,"href":"https:\/\/cica.ch\/fr\/wp-json\/wp\/v2\/pages\/2001\/revisions"}],"predecessor-version":[{"id":2639,"href":"https:\/\/cica.ch\/fr\/wp-json\/wp\/v2\/pages\/2001\/revisions\/2639"}],"wp:attachment":[{"href":"https:\/\/cica.ch\/fr\/wp-json\/wp\/v2\/media?parent=2001"}],"curies":[{"name":"wp","href":"https:\/\/api.w.org\/{rel}","templated":true}]}}