{"id":2005,"date":"2022-08-23T17:39:28","date_gmt":"2022-08-23T17:39:28","guid":{"rendered":"https:\/\/cica.ch\/produits\/combustibles\/"},"modified":"2024-04-19T12:21:37","modified_gmt":"2024-04-19T12:21:37","slug":"combustibles","status":"publish","type":"page","link":"https:\/\/cica.ch\/fr\/produits\/combustibles\/","title":{"rendered":"Combustibles"},"content":{"rendered":"\n<div class=\"wp-block-getwid-section alignfull alignfull\"><div class=\"wp-block-getwid-section__wrapper\" style=\"min-height:50vh\"><div class=\"wp-block-getwid-section__divider is-top-divider\"><svg style=\"height:70px\" x=\"0px\" y=\"0px\" viewbox=\"0 0 300 20\" preserveaspectratio=\"none\" class=\"wp-block-getwid-section__divider-svg\"><polygon fill=\"#3c2e51\" class=\"wp-block-getwid-section__divider-svg-fill\" points=\"300,1 150,3 0,1 0,0 300,0 \"\/><polygon fill=\"#3c2e51\" class=\"wp-block-getwid-section__divider-svg-fill\" opacity=\"0.3\" points=\"300,6 150,3 0,6 0,0 300,0 \"\/><polygon fill=\"#3c2e51\" class=\"wp-block-getwid-section__divider-svg-fill\" opacity=\"0.3\" points=\"300,16 150,3 0,16 0,0 300,0 \"\/><polygon fill=\"#3c2e51\" class=\"wp-block-getwid-section__divider-svg-fill\" opacity=\"0.3\" points=\"300,11 150,3 0,11 0,0 300,0 \"\/><\/svg><\/div><div class=\"wp-block-getwid-section__divider is-bottom-divider\"><svg style=\"height:70px\" x=\"0px\" y=\"0px\" viewbox=\"0 0 300 20\" preserveaspectratio=\"none\" class=\"wp-block-getwid-section__divider-svg\"><polygon fill=\"#009f80\" class=\"wp-block-getwid-section__divider-svg-fill\" points=\"300,1 150,3 0,1 0,0 300,0 \"\/><polygon fill=\"#009f80\" class=\"wp-block-getwid-section__divider-svg-fill\" opacity=\"0.3\" points=\"300,6 150,3 0,6 0,0 300,0 \"\/><polygon fill=\"#009f80\" class=\"wp-block-getwid-section__divider-svg-fill\" opacity=\"0.3\" points=\"300,16 150,3 0,16 0,0 300,0 \"\/><polygon fill=\"#009f80\" class=\"wp-block-getwid-section__divider-svg-fill\" opacity=\"0.3\" points=\"300,11 150,3 0,11 0,0 300,0 \"\/><\/svg><\/div><div class=\"wp-block-getwid-section__inner-wrapper\"><div class=\"wp-block-getwid-section__background-holder\"><div class=\"wp-block-getwid-section__background\" style=\"background-image:url('https:\/\/cica.ch\/wp-content\/uploads\/2022\/06\/0vqpsat3aog.jpg')\"><div class=\"wp-block-getwid-section__background-image-wrapper\"><img decoding=\"async\" class=\"wp-block-getwid-section__background-image\" src=\"https:\/\/cica.ch\/wp-content\/uploads\/2022\/06\/0vqpsat3aog.jpg\" alt=\"papier peint multicolore abstrait\"><\/div><\/div><div class=\"wp-block-getwid-section__foreground\"><\/div><\/div><div class=\"wp-block-getwid-section__content\"><div class=\"wp-block-getwid-section__inner-content\"><\/div><\/div><\/div><\/div><\/div>\n\n<div aria-hidden=\"true\" class=\"wp-block-fsb-flexible-spacer fsb-flexible-spacer\"><div class=\"fsb-flexible-spacer__device fsb-flexible-spacer__device--lg\" style=\"height:50px\"><\/div><div class=\"fsb-flexible-spacer__device fsb-flexible-spacer__device--md\" style=\"height:30px\"><\/div><div class=\"fsb-flexible-spacer__device fsb-flexible-spacer__device--sm\" style=\"height:20px\"><\/div><\/div>\n\n<div class=\"wp-block-group alignfull is-layout-constrained wp-container-core-group-is-layout-2ead184c wp-block-group-is-layout-constrained\">\n<div class=\"wp-block-columns is-layout-flex wp-container-core-columns-is-layout-28f84493 wp-block-columns-is-layout-flex\">\n<div class=\"wp-block-column is-layout-flow wp-block-column-is-layout-flow\" style=\"flex-basis:40%\">\n<h2 class=\"has-primary-color has-text-color wp-block-heading\"><strong><strong><strong>Combustibles<\/strong><\/strong><\/strong><\/h2>\n\n\n\n<div aria-hidden=\"true\" class=\"wp-block-fsb-flexible-spacer fsb-flexible-spacer\"><div class=\"fsb-flexible-spacer__device fsb-flexible-spacer__device--lg\" style=\"height:50px\"><\/div><div class=\"fsb-flexible-spacer__device fsb-flexible-spacer__device--md\" style=\"height:30px\"><\/div><div class=\"fsb-flexible-spacer__device fsb-flexible-spacer__device--sm\" style=\"height:20px\"><\/div><\/div>\n<\/div>\n\n\n\n<div class=\"wp-block-column is-layout-flow wp-block-column-is-layout-flow\" style=\"flex-basis:60%\">\n<div class=\"wp-block-group is-layout-flow wp-block-group-is-layout-flow\">\n<h3 class=\"has-custom-secondary-color has-text-color wp-block-heading\"><strong><strong><strong>Mazout Eco (pauvre en soufre)<\/strong><\/strong><\/strong><\/h3>\n\n\n\n<p>Le produit mazout Eco pauvre en soufre convient bien \u00e0 la technologie courante de la condensation. La teneur en soufre est limit\u00e9e \u00e0 max. 50 ppm. La combustion du mazout Eco<strong> <\/strong>s&rsquo;effectue presque sans r\u00e9sidus et garantit une chaudi\u00e8re propre et des frais d&rsquo;entretien r\u00e9duits.<\/p>\n\n\n\n<div class=\"wp-block-buttons is-layout-flex wp-block-buttons-is-layout-flex\">\n<div class=\"wp-block-button\"><a class=\"wp-block-button__link has-custom-secondary-background-color has-background\" href=\"https:\/\/cica.ch\/wp-content\/uploads\/2022\/08\/SDB_CICA_Heizo&#x308;l.pdf\" target=\"_blank\" rel=\"noreferrer noopener\">T\u00e9l\u00e9charger la fiche de donn\u00e9es de s\u00e9curit\u00e9<\/a><\/div>\n\n\n\n<div class=\"wp-block-button\"><a class=\"wp-block-button__link has-custom-secondary-background-color has-background\" href=\"https:\/\/cica.ch\/wp-content\/uploads\/2022\/09\/Datenblatt_CICA_Heizo&#x308;l.pdf\" target=\"_blank\" rel=\"noreferrer noopener\">T\u00e9l\u00e9charger la fiche produit<\/a><\/div>\n<\/div>\n\n\n\n<div aria-hidden=\"true\" class=\"wp-block-fsb-flexible-spacer fsb-flexible-spacer\"><div class=\"fsb-flexible-spacer__device fsb-flexible-spacer__device--lg\" style=\"height:50px\"><\/div><div class=\"fsb-flexible-spacer__device fsb-flexible-spacer__device--md\" style=\"height:25px\"><\/div><div class=\"fsb-flexible-spacer__device fsb-flexible-spacer__device--sm\" style=\"height:25px\"><\/div><\/div>\n<\/div>\n<\/div>\n<\/div>\n<\/div>\n\n<div aria-hidden=\"true\" class=\"wp-block-fsb-flexible-spacer fsb-flexible-spacer\"><div class=\"fsb-flexible-spacer__device fsb-flexible-spacer__device--lg\" style=\"height:50px\"><\/div><div class=\"fsb-flexible-spacer__device fsb-flexible-spacer__device--md\" style=\"height:25px\"><\/div><div class=\"fsb-flexible-spacer__device fsb-flexible-spacer__device--sm\" style=\"height:25px\"><\/div><\/div>\n","protected":false},"excerpt":{"rendered":"<p>Combustibles Mazout Eco (pauvre en soufre) Le produit mazout Eco pauvre en soufre convient bien \u00e0 la technologie courante de la condensation. La teneur en soufre est limit\u00e9e \u00e0 max. 50 ppm. La combustion du mazout Eco s&rsquo;effectue presque sans r\u00e9sidus et garantit une chaudi\u00e8re propre et des frais d&rsquo;entretien r\u00e9duits.<\/p>\n","protected":false},"author":2,"featured_media":0,"parent":1979,"menu_order":0,"comment_status":"closed","ping_status":"closed","template":"","meta":{"footnotes":""},"class_list":["post-2005","page","type-page","status-publish","hentry"],"acf":[],"_links":{"self":[{"href":"https:\/\/cica.ch\/fr\/wp-json\/wp\/v2\/pages\/2005","targetHints":{"allow":["GET"]}}],"collection":[{"href":"https:\/\/cica.ch\/fr\/wp-json\/wp\/v2\/pages"}],"about":[{"href":"https:\/\/cica.ch\/fr\/wp-json\/wp\/v2\/types\/page"}],"author":[{"embeddable":true,"href":"https:\/\/cica.ch\/fr\/wp-json\/wp\/v2\/users\/2"}],"replies":[{"embeddable":true,"href":"https:\/\/cica.ch\/fr\/wp-json\/wp\/v2\/comments?post=2005"}],"version-history":[{"count":5,"href":"https:\/\/cica.ch\/fr\/wp-json\/wp\/v2\/pages\/2005\/revisions"}],"predecessor-version":[{"id":2661,"href":"https:\/\/cica.ch\/fr\/wp-json\/wp\/v2\/pages\/2005\/revisions\/2661"}],"up":[{"embeddable":true,"href":"https:\/\/cica.ch\/fr\/wp-json\/wp\/v2\/pages\/1979"}],"wp:attachment":[{"href":"https:\/\/cica.ch\/fr\/wp-json\/wp\/v2\/media?parent=2005"}],"curies":[{"name":"wp","href":"https:\/\/api.w.org\/{rel}","templated":true}]}}